{"id":37,"date":"2020-06-01T08:12:53","date_gmt":"2020-06-01T08:12:53","guid":{"rendered":"http:\/\/sw-themes.com\/porto_dummy\/?page_id=37"},"modified":"2023-12-20T12:42:09","modified_gmt":"2023-12-20T09:42:09","slug":"hakkimizda","status":"publish","type":"page","link":"https:\/\/dgl.com.tr\/en\/hakkimizda\/","title":{"rendered":"About Us"},"content":{"rendered":"<section class=\"vc_section vc_custom_1703010217297\"><div class=\"vc_row wpb_row porto-inner-container\"><div class=\"porto-wrap-container container\"><div class=\"row\"><div class=\"vc_column_container col-md-8\"><div class=\"wpb_wrapper vc_column-inner\"><h5  class=\"vc_custom_heading align-left\">Dgl Trade & Lojisti\u011fe<\/h5><h2 style=\"font-size: 30px;line-height: 1.2\" class=\"vc_custom_heading align-left\">Welcome<\/h2><p style=\"color: #000000\" class=\"vc_custom_heading vc_custom_1703019955309 align-left\">DGL, which started to develop its brand story in 1996, is a company that provides consultancy to many national and international institutions and brands. Since its establishment, it has produced projects in different sectors, both local and global, and has added value to more than 100 institutions in its journey of nearly 30 years.<br \/>\nDGL, which has a professional, qualified and dynamic team, is one of the rare companies that does not compromise on international dynamics, offers special service to each of its stakeholders with its fast and result-oriented approach and provides complete service in all steps of foreign trade.<\/p><div class=\"vc_row wpb_row vc_inner row\"><div class=\"vc_column_container col-md-4\"><div class=\"wpb_wrapper vc_column-inner\"><div class=\"porto-sicon-box style_1 default-icon\"><div class=\"porto-sicon-default\"><div id=\"porto-icon-84121426769fa09ef09f2d\" class=\"porto-just-icon-wrapper\" style=\"text-align:center;\"><div class=\"porto-sicon-img\" style=\"display:inline-block;font-size: 100px;\"><img loading=\"lazy\" decoding=\"async\" class=\"img-icon\" alt=\"\" src=\"https:\/\/dgl.com.tr\/wp-content\/uploads\/2023\/12\/destek.png\" width=\"250\" height=\"250\" \/><\/div><\/div><\/div><div class=\"porto-sicon-header\"><p>7\/24  Support<\/p><\/div> <!-- header --><\/div><!-- porto-sicon-box --><\/div><\/div><div class=\"vc_column_container col-md-4\"><div class=\"wpb_wrapper vc_column-inner\"><div class=\"porto-sicon-box style_1 default-icon\"><div class=\"porto-sicon-default\"><div id=\"porto-icon-62039289769fa09ef0a236\" class=\"porto-just-icon-wrapper\" style=\"text-align:center;\"><div class=\"porto-sicon-img\" style=\"display:inline-block;font-size: 100px;\"><img loading=\"lazy\" decoding=\"async\" class=\"img-icon\" alt=\"\" src=\"https:\/\/dgl.com.tr\/wp-content\/uploads\/2023\/12\/is-deneyimi.png\" width=\"250\" height=\"250\" \/><\/div><\/div><\/div><div class=\"porto-sicon-header\"><p>Over 27 Years of Experience<\/p><\/div> <!-- header --><\/div><!-- porto-sicon-box --><\/div><\/div><div class=\"vc_column_container col-md-4\"><div class=\"wpb_wrapper vc_column-inner\"><div class=\"porto-sicon-box style_1 default-icon\"><div class=\"porto-sicon-default\"><div id=\"porto-icon-114083386769fa09ef0a538\" class=\"porto-just-icon-wrapper\" style=\"text-align:center;\"><div class=\"porto-sicon-img\" style=\"display:inline-block;font-size: 100px;\"><img loading=\"lazy\" decoding=\"async\" class=\"img-icon\" alt=\"\" src=\"https:\/\/dgl.com.tr\/wp-content\/uploads\/2023\/12\/guvenli.png\" width=\"250\" height=\"250\" \/><\/div><\/div><\/div><div class=\"porto-sicon-header\"><p>Safe Solution Oriented<\/p><\/div> <!-- header --><\/div><!-- porto-sicon-box --><\/div><\/div><\/div><\/div><\/div><div class=\"vc_column_container col-md-4\"><div class=\"wpb_wrapper vc_column-inner\">\n\t<div class=\"wpb_single_image wpb_content_element vc_align_center\">\n\t\t<div class=\"wpb_wrapper\">\n\t\t\t\n\t\t\t<div class=\"vc_single_image-wrapper   vc_box_border_grey\"><img loading=\"lazy\" decoding=\"async\" width=\"729\" height=\"810\" src=\"https:\/\/dgl.com.tr\/wp-content\/uploads\/2023\/12\/guvenlik.webp\" class=\"vc_single_image-img attachment-full\" alt=\"\" srcset=\"https:\/\/dgl.com.tr\/wp-content\/uploads\/2023\/12\/guvenlik.webp 729w, https:\/\/dgl.com.tr\/wp-content\/uploads\/2023\/12\/guvenlik-640x711.webp 640w, https:\/\/dgl.com.tr\/wp-content\/uploads\/2023\/12\/guvenlik-400x444.webp 400w\" sizes=\"auto, (max-width: 729px) 100vw, 729px\" \/><\/div>\n\t\t<\/div>\n\t<\/div>\n<\/div><\/div><\/div><\/div><\/div><\/section>","protected":false},"excerpt":{"rendered":"Dgl Trade & Lojisti\u011feHo\u015fgeldinizMarka hik\u00e2yesini 1996 y\u0131l\u0131nda ye\u015fertmeye ba\u015flayan DGL, ulusal ve uluslararas\u0131 pek \u00e7ok kurum ve markaya dan\u0131\u015fmanl\u0131k veren bir \u015firkettir. Kuruldu\u011fu g\u00fcnden bu yana yerel ve global farkl\u0131 sekt\u00f6rlerde proje \u00fcretmi\u015f, 30 y\u0131la yak\u0131n yolculu\u011funda 100\u2019\u00fc a\u015fk\u0131n kuruma de\u011fer katm\u0131\u015ft\u0131r. Profesyonel, nitelikli ve dinamik bir ekibe sahip olan Atlas, uluslararas\u0131 dinamiklerden \u00f6d\u00fcn vermeyen, [...]","protected":false},"author":1,"featured_media":0,"parent":0,"menu_order":0,"comment_status":"closed","ping_status":"closed","template":"","meta":{"footnotes":""},"class_list":["post-37","page","type-page","status-publish","hentry"],"_links":{"self":[{"href":"https:\/\/dgl.com.tr\/en\/wp-json\/wp\/v2\/pages\/37","targetHints":{"allow":["GET"]}}],"collection":[{"href":"https:\/\/dgl.com.tr\/en\/wp-json\/wp\/v2\/pages"}],"about":[{"href":"https:\/\/dgl.com.tr\/en\/wp-json\/wp\/v2\/types\/page"}],"author":[{"embeddable":true,"href":"https:\/\/dgl.com.tr\/en\/wp-json\/wp\/v2\/users\/1"}],"replies":[{"embeddable":true,"href":"https:\/\/dgl.com.tr\/en\/wp-json\/wp\/v2\/comments?post=37"}],"version-history":[{"count":6,"href":"https:\/\/dgl.com.tr\/en\/wp-json\/wp\/v2\/pages\/37\/revisions"}],"predecessor-version":[{"id":549,"href":"https:\/\/dgl.com.tr\/en\/wp-json\/wp\/v2\/pages\/37\/revisions\/549"}],"wp:attachment":[{"href":"https:\/\/dgl.com.tr\/en\/wp-json\/wp\/v2\/media?parent=37"}],"curies":[{"name":"wp","href":"https:\/\/api.w.org\/{rel}","templated":true}]}}