{"id":41,"date":"2020-06-01T08:13:13","date_gmt":"2020-06-01T08:13:13","guid":{"rendered":"http:\/\/sw-themes.com\/porto_dummy\/?page_id=41"},"modified":"2024-04-30T19:06:47","modified_gmt":"2024-04-30T16:06:47","slug":"iletisim","status":"publish","type":"page","link":"https:\/\/dgl.com.tr\/en\/iletisim\/","title":{"rendered":"COMMUNICATION"},"content":{"rendered":"<div class=\"vc_row wpb_row vc_custom_1591257666780 porto-inner-container\"><div class=\"porto-wrap-container container\"><div class=\"row\"><div class=\"vc_column_container col-md-12\"><div class=\"wpb_wrapper vc_column-inner\"><p  class=\"vc_custom_heading mb-1 align-left\">Contact Us Now<\/p><h4 style=\"font-size: 15px\" class=\"vc_custom_heading mb-1 align-left\">For detailed information, contact our consultants by filling out the form below!<\/h4><\/div><\/div><\/div><\/div><\/div><div class=\"vc_row wpb_row pb-4 porto-inner-container\"><div class=\"porto-wrap-container container\"><div class=\"row\"><div class=\"pb-5 vc_column_container col-md-12 col-lg-7\"><div class=\"wpb_wrapper vc_column-inner\">\n<div class=\"wpcf7 no-js\" id=\"wpcf7-f310-o1\" lang=\"en-US\" dir=\"ltr\">\n<div class=\"screen-reader-response\"><p role=\"status\" aria-live=\"polite\" aria-atomic=\"true\"><\/p> <ul><\/ul><\/div>\n<form action=\"\/en\/wp-json\/wp\/v2\/pages\/41#wpcf7-f310-o1\" method=\"post\" class=\"wpcf7-form init\" aria-label=\"Contact form\" novalidate=\"novalidate\" data-status=\"init\" data-trp-original-action=\"\/en\/wp-json\/wp\/v2\/pages\/41#wpcf7-f310-o1\">\n<div style=\"display: none;\">\n<input type=\"hidden\" name=\"_wpcf7\" value=\"310\" \/>\n<input type=\"hidden\" name=\"_wpcf7_version\" value=\"5.8.4\" \/>\n<input type=\"hidden\" name=\"_wpcf7_locale\" value=\"en_US\" \/>\n<input type=\"hidden\" name=\"_wpcf7_unit_tag\" value=\"wpcf7-f310-o1\" \/>\n<input type=\"hidden\" name=\"_wpcf7_container_post\" value=\"0\" \/>\n<input type=\"hidden\" name=\"_wpcf7_posted_data_hash\" value=\"\" \/>\n<\/div>\n<div class=\"form-group\">\n\t<p><span class=\"wpcf7-form-control-wrap\" data-name=\"your-name\"><input size=\"40\" class=\"wpcf7-form-control wpcf7-text wpcf7-validates-as-required form-control\" id=\"contact-name\" aria-required=\"true\" aria-invalid=\"false\" placeholder=\"Your Name\" value=\"\" type=\"text\" name=\"your-name\" \/><\/span>\n\t<\/p>\n<\/div>\n<div class=\"form-group\">\n\t<p><span class=\"wpcf7-form-control-wrap\" data-name=\"your-email\"><input size=\"40\" class=\"wpcf7-form-control wpcf7-email wpcf7-validates-as-required wpcf7-text wpcf7-validates-as-email form-control\" id=\"contact-email\" aria-required=\"true\" aria-invalid=\"false\" placeholder=\"E-mail Address\" value=\"\" type=\"email\" name=\"your-email\" \/><\/span>\n\t<\/p>\n<\/div>\n<div class=\"form-group\">\n\t<p><span class=\"wpcf7-form-control-wrap\" data-name=\"your-phone\"><input size=\"40\" class=\"wpcf7-form-control wpcf7-text form-control\" id=\"contact-subject\" aria-invalid=\"false\" placeholder=\"Phone Number\" value=\"\" type=\"text\" name=\"your-phone\" \/><\/span>\n\t<\/p>\n<\/div>\n<div class=\"form-group\">\n\t<p><span class=\"wpcf7-form-control-wrap\" data-name=\"your-subject\"><input size=\"40\" class=\"wpcf7-form-control wpcf7-text form-control\" aria-invalid=\"false\" placeholder=\"Subject\" value=\"\" type=\"text\" name=\"your-subject\" \/><\/span>\n\t<\/p>\n<\/div>\n<div class=\"form-group\">\n\t<p><span class=\"wpcf7-form-control-wrap\" data-name=\"your-message\"><textarea cols=\"40\" rows=\"5\" class=\"wpcf7-form-control wpcf7-textarea form-control\" id=\"contact-message\" aria-invalid=\"false\" placeholder=\"Message\" name=\"your-message\"><\/textarea><\/span>\n\t<\/p>\n<\/div>\n<div class=\"form-group\">\n\t<p><input class=\"wpcf7-form-control wpcf7-submit has-spinner btn btn-borders btn-primary\" type=\"submit\" value=\"Send Message\" \/>\n\t<\/p>\n<\/div><div class=\"wpcf7-response-output\" aria-hidden=\"true\"><\/div>\n<input type=\"hidden\" name=\"trp-form-language\" value=\"en\"\/><\/form>\n<\/div>\n<\/div><\/div><div class=\"vc_column_container col-md-12 col-lg-5\"><div class=\"wpb_wrapper vc_column-inner\"><div class=\"porto-ultimate-content-box-container mb-5\"><style>#porto_ucb_7636{will-change: box-shadow;box-shadow:0px 0px 35px -5px rgba(0,0,0,0.1);}<\/style><div class=\"porto-ultimate-content-box vc_custom_1591257900370\" style=\"border:1px solid #e8e8e8;\" id=\"porto_ucb_7636\"><h2 style=\"font-size: 1.8em;line-height: 1;letter-spacing:0\" class=\"vc_custom_heading mb-3 align-left\">Contact \u0130nformation<\/h2><div class=\"porto-sicon-box py-2 style_1 default-icon\"><div class=\"porto-sicon-default\"><div id=\"porto-icon-82058175669fa09de9b0ff\" class=\"porto-just-icon-wrapper\" style=\"text-align:center;\"><div class=\"porto-icon none\" style=\"color:#220c3c;font-size:32px;display:inline-block;\"><i class=\"fas fa-map-marker-alt\"><\/i><\/div><\/div><\/div><div class=\"porto-sicon-header\"><h4 class=\"porto-sicon-title\" style=\"font-size:1.4em;letter-spacing:0;color:#091a34;\">Address<\/h4><p>Asmal\u0131 Mescit Mahallesi Emir Nevruz Sokak No2\/6 Beyo\u011flu-\u0130stanbul<\/p><\/div> <!-- header --><\/div><!-- porto-sicon-box --><div class=\"porto-separator\"><hr class=\"separator-line  align_center solid\"><\/div><div class=\"porto-sicon-box py-2 style_1 default-icon\"><div class=\"porto-sicon-default\"><div id=\"porto-icon-91091471469fa09de9b422\" class=\"porto-just-icon-wrapper\" style=\"text-align:center;\"><div class=\"porto-icon none\" style=\"color:#220c3c;font-size:32px;display:inline-block;\"><i class=\"fas fa-mobile-alt\"><\/i><\/div><\/div><\/div><div class=\"porto-sicon-header\"><h4 class=\"porto-sicon-title\" style=\"font-size:1.4em;letter-spacing:0;\">Our Phone Number<\/h4><p>0(216) 232 20 92<\/p><\/div> <!-- header --><\/div><!-- porto-sicon-box --><div class=\"porto-separator\"><hr class=\"separator-line  align_center solid\"><\/div><a class=\"porto-sicon-box-link\" href=\"#\"><div class=\"porto-sicon-box py-2 style_1 default-icon\"><div class=\"porto-sicon-default\"><div id=\"porto-icon-94226473669fa09de9b549\" class=\"porto-just-icon-wrapper\" style=\"text-align:center;\"><div class=\"porto-icon none\" style=\"color:#220c3c;font-size:32px;display:inline-block;\"><i class=\"far fa-envelope\"><\/i><\/div><\/div><\/div><div class=\"porto-sicon-header\"><h4 class=\"porto-sicon-title\" style=\"font-size:1.4em;letter-spacing:0;\">Our E-Mail Address<\/h4><p>info@dgl.com.tr<\/p><\/div> <!-- header --><\/div><!-- porto-sicon-box --><\/a><div class=\"porto-separator\"><hr class=\"separator-line  align_center solid\"><\/div><div class=\"porto-sicon-box pt-2 mb-0 style_1 default-icon\"><div class=\"porto-sicon-default\"><div id=\"porto-icon-133813167869fa09de9b671\" class=\"porto-just-icon-wrapper\" style=\"text-align:center;\"><div class=\"porto-icon none\" style=\"color:#220c3c;font-size:32px;display:inline-block;\"><i class=\"far fa-calendar-alt\"><\/i><\/div><\/div><\/div><div class=\"porto-sicon-header\"><h4 class=\"porto-sicon-title\" style=\"font-size:1.4em;letter-spacing:0;\">Our Working Hours<\/h4><p>Monday - Friday \/ 9:00 - 18:00 - Weekends: CLOSED<\/p><\/div> <!-- header --><\/div><!-- porto-sicon-box --><\/div><\/div><\/div><\/div><\/div><\/div><\/div><div class=\"vc_row wpb_row row no-padding\"><div class=\"vc_column_container col-md-12\"><div class=\"wpb_wrapper vc_column-inner\"><div class=\"wpb_gmaps_widget wpb_content_element\"><div class=\"wpb_wrapper\"><div class=\"wpb_map_wraper\"><iframe src=\"https:\/\/www.google.com\/maps\/embed?pb=!1m18!1m12!1m3!1d316.23345688211293!2d29.02179439326076!3d41.057261515033375!2m3!1f0!2f0!3f0!3m2!1i1024!2i768!4f13.1!3m3!1m2!1s0x14cab64aaf818eb3%3A0x9ec14066dc470e19!2sKoru%20Sitesi!5e0!3m2!1str!2str!4v1702926988206!5m2!1str!2str\" width=\"600\" height=\"450\" style=\"border:0;\" allowfullscreen=\"\" loading=\"lazy\" referrerpolicy=\"no-referrer-when-downgrade\"><\/iframe><\/div><\/div><\/div><\/div><\/div><\/div>","protected":false},"excerpt":{"rendered":"Bize Hemen Ula\u015f\u0131nDetayl\u0131 bilgi i\u00e7in a\u015fa\u011f\u0131daki formu doldurarak dan\u0131\u015fmanlar\u0131m\u0131za ula\u015f\u0131n! \u0130leti\u015fim Bilgilerimiz!AdresAsmal\u0131 Mescit Mahallesi Emir Nevruz Sokak No2\/6 Beyo\u011flu-\u0130stanbul Telefon Numaram\u0131z0(216) 232 20 92 E-Posta Adresimizinfo@dgl.com.tr \u00c7al\u0131\u015fma SaatlerimizPazartesi - Cuma \/ 9:00 - 18:00 - Hafta Sonu : KAPALI","protected":false},"author":1,"featured_media":0,"parent":0,"menu_order":0,"comment_status":"closed","ping_status":"closed","template":"","meta":{"footnotes":""},"class_list":["post-41","page","type-page","status-publish","hentry"],"_links":{"self":[{"href":"https:\/\/dgl.com.tr\/en\/wp-json\/wp\/v2\/pages\/41","targetHints":{"allow":["GET"]}}],"collection":[{"href":"https:\/\/dgl.com.tr\/en\/wp-json\/wp\/v2\/pages"}],"about":[{"href":"https:\/\/dgl.com.tr\/en\/wp-json\/wp\/v2\/types\/page"}],"author":[{"embeddable":true,"href":"https:\/\/dgl.com.tr\/en\/wp-json\/wp\/v2\/users\/1"}],"replies":[{"embeddable":true,"href":"https:\/\/dgl.com.tr\/en\/wp-json\/wp\/v2\/comments?post=41"}],"version-history":[{"count":4,"href":"https:\/\/dgl.com.tr\/en\/wp-json\/wp\/v2\/pages\/41\/revisions"}],"predecessor-version":[{"id":563,"href":"https:\/\/dgl.com.tr\/en\/wp-json\/wp\/v2\/pages\/41\/revisions\/563"}],"wp:attachment":[{"href":"https:\/\/dgl.com.tr\/en\/wp-json\/wp\/v2\/media?parent=41"}],"curies":[{"name":"wp","href":"https:\/\/api.w.org\/{rel}","templated":true}]}}