{"id":430,"date":"2023-12-19T23:33:06","date_gmt":"2023-12-19T20:33:06","guid":{"rendered":"https:\/\/dgl.com.tr\/?page_id=430"},"modified":"2023-12-20T10:13:13","modified_gmt":"2023-12-20T07:13:13","slug":"hizmetlerimiz","status":"publish","type":"page","link":"https:\/\/dgl.com.tr\/en\/hizmetlerimiz\/","title":{"rendered":"Hizmetlerimiz"},"content":{"rendered":"<section class=\"vc_section\"><div class=\"vc_row wpb_row row\"><div class=\"vc_column_container col-md-12\"><div class=\"wpb_wrapper vc_column-inner\"><h4 style=\"text-align: center\" class=\"vc_custom_heading\">SERVICES<\/h4><p style=\"font-size: 30px;color: #091a34;text-align: center\" class=\"vc_custom_heading\">What Do We Do?<\/p><\/div><\/div><\/div><div class=\"vc_row wpb_row row vc_custom_1703015724267 no-padding\"><div class=\"vc_column_container col-md-4\"><div class=\"wpb_wrapper vc_column-inner\">\n\t<div class=\"wpb_single_image wpb_content_element vc_align_center\">\n\t\t<div class=\"wpb_wrapper\">\n\t\t\t\n\t\t\t<div class=\"vc_single_image-wrapper vc_box_rounded  vc_box_border_grey\"><img loading=\"lazy\" decoding=\"async\" width=\"300\" height=\"350\" src=\"https:\/\/dgl.com.tr\/wp-content\/uploads\/2023\/12\/transit-300350.webp\" class=\"vc_single_image-img attachment-full\" alt=\"\" \/><\/div>\n\t\t<\/div>\n\t<\/div>\n<h4 style=\"color: #091a34;text-align: center\" class=\"vc_custom_heading\">Transit Transportation<\/h4><div class=\"porto-btn-ctn-center\"><a class=\"porto-btn porto-adjust-bottom-margin porto-btn-normal porto-btn-center-dg-bg  porto-btn-center\" title='Transit Transportation' rel='' href = \"https:\/\/dgl.com.tr\/en\/transit-tasimacilik\/\"  data-hover=\"#ffffff\" data-border-color=\"\" data-bg=\"\" data-hover-bg=\"#091a34\" data-border-hover=\"#091a34\" data-shadow-click=\"none\" data-shadow=\"\" style=\"border-radius:3px;border-width:1px;border-style:solid;color: #091a34;\"><span class=\"porto-btn-hover\" style=\"background-color:#091a34\"><\/span><span class=\"porto-btn-data porto-btn-text\" >View Details<\/span><\/a><\/div><\/div><\/div><div class=\"vc_column_container col-md-4\"><div class=\"wpb_wrapper vc_column-inner\">\n\t<div class=\"wpb_single_image wpb_content_element vc_align_center\">\n\t\t<div class=\"wpb_wrapper\">\n\t\t\t\n\t\t\t<div class=\"vc_single_image-wrapper vc_box_rounded  vc_box_border_grey\"><img loading=\"lazy\" decoding=\"async\" width=\"300\" height=\"350\" src=\"https:\/\/dgl.com.tr\/wp-content\/uploads\/2023\/12\/parsiyel-tasimacilik.webp\" class=\"vc_single_image-img attachment-full\" alt=\"\" \/><\/div>\n\t\t<\/div>\n\t<\/div>\n<h4 style=\"color: #091a34;text-align: center\" class=\"vc_custom_heading\">Partial Transportation<\/h4><div class=\"porto-btn-ctn-center\"><a class=\"porto-btn porto-adjust-bottom-margin porto-btn-normal porto-btn-center-dg-bg  porto-btn-center\" title='Partial Transportation' rel='' href = \"https:\/\/dgl.com.tr\/en\/parsiyel-tasimacilik\/\"  data-hover=\"#ffffff\" data-border-color=\"\" data-bg=\"\" data-hover-bg=\"#091a34\" data-border-hover=\"#091a34\" data-shadow-click=\"none\" data-shadow=\"\" style=\"border-radius:3px;border-width:1px;border-style:solid;color: #091a34;\"><span class=\"porto-btn-hover\" style=\"background-color:#091a34\"><\/span><span class=\"porto-btn-data porto-btn-text\" >View Details<\/span><\/a><\/div><\/div><\/div><div class=\"vc_column_container col-md-4\"><div class=\"wpb_wrapper vc_column-inner\">\n\t<div class=\"wpb_single_image wpb_content_element vc_align_center\">\n\t\t<div class=\"wpb_wrapper\">\n\t\t\t\n\t\t\t<div class=\"vc_single_image-wrapper vc_box_rounded  vc_box_border_grey\"><img loading=\"lazy\" decoding=\"async\" width=\"300\" height=\"350\" src=\"https:\/\/dgl.com.tr\/wp-content\/uploads\/2023\/12\/dis-ticaret.webp\" class=\"vc_single_image-img attachment-full\" alt=\"\" \/><\/div>\n\t\t<\/div>\n\t<\/div>\n<h4 style=\"color: #091a34;text-align: center\" class=\"vc_custom_heading\">Foreign Trade Consultancy<\/h4><div class=\"porto-btn-ctn-center\"><a class=\"porto-btn porto-adjust-bottom-margin porto-btn-normal porto-btn-center-dg-bg  porto-btn-center\" title='Foreign Trade Consultancy' rel='' href = \"https:\/\/dgl.com.tr\/en\/dis-ticaret-danismanligi\/\"  data-hover=\"#ffffff\" data-border-color=\"\" data-bg=\"\" data-hover-bg=\"#091a34\" data-border-hover=\"#091a34\" data-shadow-click=\"none\" data-shadow=\"\" style=\"border-radius:3px;border-width:1px;border-style:solid;color: #091a34;\"><span class=\"porto-btn-hover\" style=\"background-color:#091a34\"><\/span><span class=\"porto-btn-data porto-btn-text\" >View Details<\/span><\/a><\/div><\/div><\/div><\/div><div class=\"vc_row wpb_row row vc_custom_1703015724267 no-padding\"><div class=\"vc_column_container col-md-4\"><div class=\"wpb_wrapper vc_column-inner\">\n\t<div class=\"wpb_single_image wpb_content_element vc_align_center\">\n\t\t<div class=\"wpb_wrapper\">\n\t\t\t\n\t\t\t<div class=\"vc_single_image-wrapper vc_box_rounded  vc_box_border_grey\"><img loading=\"lazy\" decoding=\"async\" width=\"300\" height=\"350\" src=\"https:\/\/dgl.com.tr\/wp-content\/uploads\/2023\/12\/proje-tasimaciligi.webp\" class=\"vc_single_image-img attachment-full\" alt=\"\" \/><\/div>\n\t\t<\/div>\n\t<\/div>\n<h4 style=\"color: #091a34;text-align: center\" class=\"vc_custom_heading\">Project Transportation<\/h4><div class=\"porto-btn-ctn-center\"><a class=\"porto-btn porto-adjust-bottom-margin porto-btn-normal porto-btn-center-dg-bg  porto-btn-center\" title='Project Transportation' rel='' href = \"https:\/\/dgl.com.tr\/en\/proje-tasimaciligi\/\"  data-hover=\"#ffffff\" data-border-color=\"\" data-bg=\"\" data-hover-bg=\"#091a34\" data-border-hover=\"#091a34\" data-shadow-click=\"none\" data-shadow=\"\" style=\"border-radius:3px;border-width:1px;border-style:solid;color: #091a34;\"><span class=\"porto-btn-hover\" style=\"background-color:#091a34\"><\/span><span class=\"porto-btn-data porto-btn-text\" >View Details<\/span><\/a><\/div><\/div><\/div><div class=\"vc_column_container col-md-4\"><div class=\"wpb_wrapper vc_column-inner\">\n\t<div class=\"wpb_single_image wpb_content_element vc_align_center\">\n\t\t<div class=\"wpb_wrapper\">\n\t\t\t\n\t\t\t<div class=\"vc_single_image-wrapper vc_box_rounded  vc_box_border_grey\"><img loading=\"lazy\" decoding=\"async\" width=\"300\" height=\"350\" src=\"https:\/\/dgl.com.tr\/wp-content\/uploads\/2023\/12\/gumruk1.webp\" class=\"vc_single_image-img attachment-full\" alt=\"\" \/><\/div>\n\t\t<\/div>\n\t<\/div>\n<h4 style=\"color: #091a34;text-align: center\" class=\"vc_custom_heading\">Customs Clearance Services<\/h4><div class=\"porto-btn-ctn-center\"><a class=\"porto-btn porto-adjust-bottom-margin porto-btn-normal porto-btn-center-dg-bg  porto-btn-center\" title='Customs Clearance Services' rel='' href = \"https:\/\/dgl.com.tr\/en\/gumrukleme-hizmetleri\/\"  data-hover=\"#ffffff\" data-border-color=\"\" data-bg=\"\" data-hover-bg=\"#091a34\" data-border-hover=\"#091a34\" data-shadow-click=\"none\" data-shadow=\"\" style=\"border-radius:3px;border-width:1px;border-style:solid;color: #091a34;\"><span class=\"porto-btn-hover\" style=\"background-color:#091a34\"><\/span><span class=\"porto-btn-data porto-btn-text\" >View Details<\/span><\/a><\/div><\/div><\/div><div class=\"vc_column_container col-md-4\"><div class=\"wpb_wrapper vc_column-inner\">\n\t<div class=\"wpb_single_image wpb_content_element vc_align_center\">\n\t\t<div class=\"wpb_wrapper\">\n\t\t\t\n\t\t\t<div class=\"vc_single_image-wrapper vc_box_rounded  vc_box_border_grey\"><img loading=\"lazy\" decoding=\"async\" width=\"300\" height=\"350\" src=\"https:\/\/dgl.com.tr\/wp-content\/uploads\/2023\/12\/depolama-hizmetleri.webp\" class=\"vc_single_image-img attachment-full\" alt=\"\" \/><\/div>\n\t\t<\/div>\n\t<\/div>\n<h4 style=\"color: #091a34;text-align: center\" class=\"vc_custom_heading\">Storage Services<\/h4><div class=\"porto-btn-ctn-center\"><a class=\"porto-btn porto-adjust-bottom-margin porto-btn-normal porto-btn-center-dg-bg  porto-btn-center\" title='Storage Services' rel='' href = \"https:\/\/dgl.com.tr\/en\/depolama-hizmetleri\/\"  data-hover=\"#ffffff\" data-border-color=\"\" data-bg=\"\" data-hover-bg=\"#091a34\" data-border-hover=\"#091a34\" data-shadow-click=\"none\" data-shadow=\"\" style=\"border-radius:3px;border-width:1px;border-style:solid;color: #091a34;\"><span class=\"porto-btn-hover\" style=\"background-color:#091a34\"><\/span><span class=\"porto-btn-data porto-btn-text\" >View Details<\/span><\/a><\/div><\/div><\/div><\/div><\/section>","protected":false},"excerpt":{"rendered":"H\u0130ZMETLERNeler Yap\u0131yoruz ? Transit Ta\u015f\u0131mac\u0131l\u0131kDetaylar\u0131 \u0130ncele Parsiyel Ta\u015f\u0131mac\u0131l\u0131kDetaylar\u0131 \u0130ncele D\u0131\u015f Ticaret Dan\u0131\u015fmanl\u0131\u011f\u0131Detaylar\u0131 \u0130ncele Proje Ta\u015f\u0131mac\u0131l\u0131\u011f\u0131Detaylar\u0131 \u0130ncele G\u00fcmr\u00fckleme HizmetleriDetaylar\u0131 \u0130ncele Depolama HizmetleriDetaylar\u0131 \u0130ncele","protected":false},"author":1,"featured_media":0,"parent":0,"menu_order":0,"comment_status":"closed","ping_status":"closed","template":"","meta":{"footnotes":""},"class_list":["post-430","page","type-page","status-publish","hentry"],"_links":{"self":[{"href":"https:\/\/dgl.com.tr\/en\/wp-json\/wp\/v2\/pages\/430","targetHints":{"allow":["GET"]}}],"collection":[{"href":"https:\/\/dgl.com.tr\/en\/wp-json\/wp\/v2\/pages"}],"about":[{"href":"https:\/\/dgl.com.tr\/en\/wp-json\/wp\/v2\/types\/page"}],"author":[{"embeddable":true,"href":"https:\/\/dgl.com.tr\/en\/wp-json\/wp\/v2\/users\/1"}],"replies":[{"embeddable":true,"href":"https:\/\/dgl.com.tr\/en\/wp-json\/wp\/v2\/comments?post=430"}],"version-history":[{"count":34,"href":"https:\/\/dgl.com.tr\/en\/wp-json\/wp\/v2\/pages\/430\/revisions"}],"predecessor-version":[{"id":535,"href":"https:\/\/dgl.com.tr\/en\/wp-json\/wp\/v2\/pages\/430\/revisions\/535"}],"wp:attachment":[{"href":"https:\/\/dgl.com.tr\/en\/wp-json\/wp\/v2\/media?parent=430"}],"curies":[{"name":"wp","href":"https:\/\/api.w.org\/{rel}","templated":true}]}}