{"id":473,"date":"2023-12-20T00:05:24","date_gmt":"2023-12-19T21:05:24","guid":{"rendered":"https:\/\/dgl.com.tr\/?page_id=473"},"modified":"2023-12-20T00:08:39","modified_gmt":"2023-12-19T21:08:39","slug":"transit-tasimacilik","status":"publish","type":"page","link":"https:\/\/dgl.com.tr\/en\/transit-tasimacilik\/","title":{"rendered":"Transit Transportation"},"content":{"rendered":"<section class=\"vc_section\"><div class=\"vc_row wpb_row row\"><div class=\"vc_column_container col-md-6\"><div class=\"wpb_wrapper vc_column-inner\">\n\t<div class=\"wpb_single_image wpb_content_element vc_align_center\">\n\t\t<div class=\"wpb_wrapper\">\n\t\t\t\n\t\t\t<div class=\"vc_single_image-wrapper vc_box_rounded  vc_box_border_grey\"><img loading=\"lazy\" decoding=\"async\" width=\"445\" height=\"503\" src=\"https:\/\/dgl.com.tr\/wp-content\/uploads\/2023\/12\/t1.webp\" class=\"vc_single_image-img attachment-full\" alt=\"\" srcset=\"https:\/\/dgl.com.tr\/wp-content\/uploads\/2023\/12\/t1.webp 445w, https:\/\/dgl.com.tr\/wp-content\/uploads\/2023\/12\/t1-400x452.webp 400w\" sizes=\"auto, (max-width: 445px) 100vw, 445px\" \/><\/div>\n\t\t<\/div>\n\t<\/div>\n<\/div><\/div><div class=\"vc_column_container col-md-6\"><div class=\"wpb_wrapper vc_column-inner\"><h4 style=\"text-align: center\" class=\"vc_custom_heading\">TRANS\u0130T TA\u015eIMACILIK<\/h4><p style=\"font-size: 30px;color: #091a34;text-align: center\" class=\"vc_custom_heading\">Efektif ve H\u0131zl\u0131 Yolculuk<\/p><p  class=\"vc_custom_heading align-left\">Transit ta\u015f\u0131mac\u0131l\u0131k, g\u00fcn\u00fcm\u00fcz k\u00fcresel ekonomisinde ve lojistik sekt\u00f6r\u00fcnde \u00f6nemli bir rol oynayan bir ta\u015f\u0131ma modelidir. Bu yakla\u015f\u0131m, mal veya yolcular\u0131n belirli bir ba\u015flang\u0131\u00e7 noktas\u0131ndan hedef noktas\u0131na ula\u015f\u0131rken, ara bir noktadan ge\u00e7i\u015f yapmas\u0131n\u0131 i\u00e7erir. Bu ara nokta genellikle bir lojistik merkezi, depo, havaalan\u0131, liman veya di\u011fer ta\u015f\u0131ma d\u00fc\u011f\u00fcm noktalar\u0131ndan biridir. Transit ta\u015f\u0131mac\u0131l\u0131k, ta\u015f\u0131ma s\u00fcre\u00e7lerini optimize ederek, maliyetleri azaltarak ve lojistik verimlili\u011fi art\u0131rarak bir dizi avantaj sunar.<\/p><p style=\"font-size: 30px;color: #091a34;text-align: center\" class=\"vc_custom_heading\">H\u0131zl\u0131 ve Etkin Ta\u015f\u0131ma S\u00fcre\u00e7leri<\/p><p  class=\"vc_custom_heading align-left\">Transit ta\u015f\u0131mac\u0131l\u0131k, mal veya yolcular\u0131n belirli bir noktadan di\u011ferine h\u0131zl\u0131 bir \u015fekilde ta\u015f\u0131nmas\u0131n\u0131 sa\u011flar. Ara bir noktadan ge\u00e7i\u015f yaparak, do\u011frudan rota kullanma olana\u011f\u0131 olmayan durumlarda, daha etkili bir ta\u015f\u0131ma sa\u011flanabilir. Bu, teslimat s\u00fcrelerini k\u0131saltabilir ve m\u00fc\u015fteri memnuniyetini art\u0131rabilir.<\/p><div class=\"porto-btn-ctn-center\"><a class=\"porto-btn porto-adjust-bottom-margin porto-btn-normal porto-btn-center-dg-bg  porto-btn-center\" data-hover=\"#ffffff\" data-border-color=\"\" data-bg=\"\" data-hover-bg=\"#091a34\" data-border-hover=\"#091a34\" data-shadow-click=\"none\" data-shadow=\"\" style=\"border-radius:3px;border-width:1px;border-style:solid;color: #000000;\"><span class=\"porto-btn-hover\" style=\"background-color:#091a34\"><\/span><span class=\"porto-btn-data porto-btn-text\" >B\u0130Z\u0130MLE \u0130LET\u0130\u015e\u0130ME GE\u00c7<\/span><\/a><\/div><\/div><\/div><\/div><\/section>","protected":false},"excerpt":{"rendered":"TRANS\u0130T TA\u015eIMACILIKEfektif ve H\u0131zl\u0131 YolculukTransit ta\u015f\u0131mac\u0131l\u0131k, g\u00fcn\u00fcm\u00fcz k\u00fcresel ekonomisinde ve lojistik sekt\u00f6r\u00fcnde \u00f6nemli bir rol oynayan bir ta\u015f\u0131ma modelidir. Bu yakla\u015f\u0131m, mal veya yolcular\u0131n belirli bir ba\u015flang\u0131\u00e7 noktas\u0131ndan hedef noktas\u0131na ula\u015f\u0131rken, ara bir noktadan ge\u00e7i\u015f yapmas\u0131n\u0131 i\u00e7erir. Bu ara nokta genellikle bir lojistik merkezi, depo, havaalan\u0131, liman veya di\u011fer ta\u015f\u0131ma d\u00fc\u011f\u00fcm noktalar\u0131ndan biridir. Transit ta\u015f\u0131mac\u0131l\u0131k, [...]","protected":false},"author":1,"featured_media":0,"parent":0,"menu_order":0,"comment_status":"closed","ping_status":"closed","template":"","meta":{"footnotes":""},"class_list":["post-473","page","type-page","status-publish","hentry"],"_links":{"self":[{"href":"https:\/\/dgl.com.tr\/en\/wp-json\/wp\/v2\/pages\/473","targetHints":{"allow":["GET"]}}],"collection":[{"href":"https:\/\/dgl.com.tr\/en\/wp-json\/wp\/v2\/pages"}],"about":[{"href":"https:\/\/dgl.com.tr\/en\/wp-json\/wp\/v2\/types\/page"}],"author":[{"embeddable":true,"href":"https:\/\/dgl.com.tr\/en\/wp-json\/wp\/v2\/users\/1"}],"replies":[{"embeddable":true,"href":"https:\/\/dgl.com.tr\/en\/wp-json\/wp\/v2\/comments?post=473"}],"version-history":[{"count":12,"href":"https:\/\/dgl.com.tr\/en\/wp-json\/wp\/v2\/pages\/473\/revisions"}],"predecessor-version":[{"id":486,"href":"https:\/\/dgl.com.tr\/en\/wp-json\/wp\/v2\/pages\/473\/revisions\/486"}],"wp:attachment":[{"href":"https:\/\/dgl.com.tr\/en\/wp-json\/wp\/v2\/media?parent=473"}],"curies":[{"name":"wp","href":"https:\/\/api.w.org\/{rel}","templated":true}]}}