{"id":488,"date":"2023-12-20T00:19:32","date_gmt":"2023-12-19T21:19:32","guid":{"rendered":"https:\/\/dgl.com.tr\/?page_id=488"},"modified":"2023-12-20T09:02:57","modified_gmt":"2023-12-20T06:02:57","slug":"parsiyel-tasimacilik","status":"publish","type":"page","link":"https:\/\/dgl.com.tr\/en\/parsiyel-tasimacilik\/","title":{"rendered":"Partial Transportation"},"content":{"rendered":"<section class=\"vc_section\"><div class=\"vc_row wpb_row row\"><div class=\"vc_column_container col-md-6\"><div class=\"wpb_wrapper vc_column-inner\">\n\t<div class=\"wpb_single_image wpb_content_element vc_align_center\">\n\t\t<div class=\"wpb_wrapper\">\n\t\t\t\n\t\t\t<div class=\"vc_single_image-wrapper vc_box_rounded  vc_box_border_grey\"><img loading=\"lazy\" decoding=\"async\" width=\"445\" height=\"503\" src=\"https:\/\/dgl.com.tr\/wp-content\/uploads\/2023\/12\/parsiyel2.webp\" class=\"vc_single_image-img attachment-full\" alt=\"\" srcset=\"https:\/\/dgl.com.tr\/wp-content\/uploads\/2023\/12\/parsiyel2.webp 445w, https:\/\/dgl.com.tr\/wp-content\/uploads\/2023\/12\/parsiyel2-400x452.webp 400w\" sizes=\"auto, (max-width: 445px) 100vw, 445px\" \/><\/div>\n\t\t<\/div>\n\t<\/div>\n<\/div><\/div><div class=\"vc_column_container col-md-6\"><div class=\"wpb_wrapper vc_column-inner\"><h4 style=\"text-align: center\" class=\"vc_custom_heading\">PARS\u0130YEL TA\u015eIMACILIK<\/h4><p style=\"font-size: 30px;color: #091a34;text-align: center\" class=\"vc_custom_heading\">Optimize Edilmi\u015f ve Ekonomik Nakliyat \u00c7\u00f6z\u00fcmleri<\/p><p  class=\"vc_custom_heading align-left\">Parsiyel ta\u015f\u0131mac\u0131l\u0131k, lojistik d\u00fcnyas\u0131nda yayg\u0131n olarak kullan\u0131lan bir ta\u015f\u0131ma modelidir ve k\u00fc\u00e7\u00fck y\u00fckleri veya par\u00e7al\u0131 y\u00fckleri hedef noktalar\u0131na ula\u015ft\u0131rmak i\u00e7in etkili bir \u00e7\u00f6z\u00fcm sunar. Bu ta\u015f\u0131ma y\u00f6ntemi, bir ta\u015f\u0131ma arac\u0131n\u0131n kapasitesini tamamen doldurmadan, bir veya birden fazla m\u00fc\u015fterinin mal ve \u00fcr\u00fcnlerini ayn\u0131 g\u00fczergah \u00fczerinde ta\u015f\u0131yarak maliyetleri optimize eder.<\/p><p style=\"font-size: 30px;color: #091a34;text-align: center\" class=\"vc_custom_heading\">Lojistik Ak\u0131\u015f\u0131n\u0131 Art\u0131rma<\/p><p  class=\"vc_custom_heading align-left\">Parsiyel ta\u015f\u0131mac\u0131l\u0131k, lojistik a\u011flar\u0131 daha etkili hale getirerek tedarik zinciri y\u00f6netimini geli\u015ftirir. Bu, mal ak\u0131\u015f\u0131n\u0131 iyile\u015ftirir ve talep \u00fczerine h\u0131zl\u0131 tepki vermeyi m\u00fcmk\u00fcn k\u0131lar.\n<p>Sonu\u00e7 olarak, parsiyel ta\u015f\u0131mac\u0131l\u0131k, i\u015fletmelerin ta\u015f\u0131ma maliyetlerini azaltmalar\u0131n\u0131, lojistik s\u00fcre\u00e7lerini optimize etmelerini ve m\u00fc\u015fterilere h\u0131zl\u0131, g\u00fcvenilir hizmetler sunmalar\u0131n\u0131 sa\u011flayan bir lojistik modelidir. Bu, \u00f6zellikle k\u00fc\u00e7\u00fck ve orta \u00f6l\u00e7ekli i\u015fletmeler i\u00e7in ekonomik ve verimli bir nakliyat \u00e7\u00f6z\u00fcm\u00fc sunar.<\/p><\/p><div class=\"porto-btn-ctn-center\"><a class=\"porto-btn porto-adjust-bottom-margin porto-btn-normal porto-btn-center-dg-bg  porto-btn-center\" title='COMMUNICATION' rel='' href = \"https:\/\/dgl.com.tr\/en\/iletisim\/\"  data-hover=\"#ffffff\" data-border-color=\"\" data-bg=\"\" data-hover-bg=\"#091a34\" data-border-hover=\"#091a34\" data-shadow-click=\"none\" data-shadow=\"\" style=\"border-radius:3px;border-width:1px;border-style:solid;color: #000000;\"><span class=\"porto-btn-hover\" style=\"background-color:#091a34\"><\/span><span class=\"porto-btn-data porto-btn-text\" >B\u0130Z\u0130MLE \u0130LET\u0130\u015e\u0130ME GE\u00c7<\/span><\/a><\/div><\/div><\/div><\/div><\/section>","protected":false},"excerpt":{"rendered":"PARS\u0130YEL TA\u015eIMACILIKOptimize Edilmi\u015f ve Ekonomik Nakliyat \u00c7\u00f6z\u00fcmleriParsiyel ta\u015f\u0131mac\u0131l\u0131k, lojistik d\u00fcnyas\u0131nda yayg\u0131n olarak kullan\u0131lan bir ta\u015f\u0131ma modelidir ve k\u00fc\u00e7\u00fck y\u00fckleri veya par\u00e7al\u0131 y\u00fckleri hedef noktalar\u0131na ula\u015ft\u0131rmak i\u00e7in etkili bir \u00e7\u00f6z\u00fcm sunar. Bu ta\u015f\u0131ma y\u00f6ntemi, bir ta\u015f\u0131ma arac\u0131n\u0131n kapasitesini tamamen doldurmadan, bir veya birden fazla m\u00fc\u015fterinin mal ve \u00fcr\u00fcnlerini ayn\u0131 g\u00fczergah \u00fczerinde ta\u015f\u0131yarak maliyetleri optimize eder.Lojistik Ak\u0131\u015f\u0131n\u0131 [...]","protected":false},"author":1,"featured_media":0,"parent":0,"menu_order":0,"comment_status":"closed","ping_status":"closed","template":"","meta":{"footnotes":""},"class_list":["post-488","page","type-page","status-publish","hentry"],"_links":{"self":[{"href":"https:\/\/dgl.com.tr\/en\/wp-json\/wp\/v2\/pages\/488","targetHints":{"allow":["GET"]}}],"collection":[{"href":"https:\/\/dgl.com.tr\/en\/wp-json\/wp\/v2\/pages"}],"about":[{"href":"https:\/\/dgl.com.tr\/en\/wp-json\/wp\/v2\/types\/page"}],"author":[{"embeddable":true,"href":"https:\/\/dgl.com.tr\/en\/wp-json\/wp\/v2\/users\/1"}],"replies":[{"embeddable":true,"href":"https:\/\/dgl.com.tr\/en\/wp-json\/wp\/v2\/comments?post=488"}],"version-history":[{"count":6,"href":"https:\/\/dgl.com.tr\/en\/wp-json\/wp\/v2\/pages\/488\/revisions"}],"predecessor-version":[{"id":495,"href":"https:\/\/dgl.com.tr\/en\/wp-json\/wp\/v2\/pages\/488\/revisions\/495"}],"wp:attachment":[{"href":"https:\/\/dgl.com.tr\/en\/wp-json\/wp\/v2\/media?parent=488"}],"curies":[{"name":"wp","href":"https:\/\/api.w.org\/{rel}","templated":true}]}}