{"id":497,"date":"2023-12-20T09:25:28","date_gmt":"2023-12-20T06:25:28","guid":{"rendered":"https:\/\/dgl.com.tr\/?page_id=497"},"modified":"2023-12-20T09:25:28","modified_gmt":"2023-12-20T06:25:28","slug":"dis-ticaret-danismanligi","status":"publish","type":"page","link":"https:\/\/dgl.com.tr\/en\/dis-ticaret-danismanligi\/","title":{"rendered":"Foreign Trade Consultancy"},"content":{"rendered":"<section class=\"vc_section\"><div class=\"vc_row wpb_row row\"><div class=\"vc_column_container col-md-6\"><div class=\"wpb_wrapper vc_column-inner\">\n\t<div class=\"wpb_single_image wpb_content_element vc_align_center\">\n\t\t<div class=\"wpb_wrapper\">\n\t\t\t\n\t\t\t<div class=\"vc_single_image-wrapper vc_box_rounded  vc_box_border_grey\"><img loading=\"lazy\" decoding=\"async\" width=\"445\" height=\"503\" src=\"https:\/\/dgl.com.tr\/wp-content\/uploads\/2023\/12\/dis-ticaret2.webp\" class=\"vc_single_image-img attachment-full\" alt=\"Dis-ticaret-danismanligi\" srcset=\"https:\/\/dgl.com.tr\/wp-content\/uploads\/2023\/12\/dis-ticaret2.webp 445w, https:\/\/dgl.com.tr\/wp-content\/uploads\/2023\/12\/dis-ticaret2-400x452.webp 400w\" sizes=\"auto, (max-width: 445px) 100vw, 445px\" \/><\/div>\n\t\t<\/div>\n\t<\/div>\n<\/div><\/div><div class=\"vc_column_container col-md-6\"><div class=\"wpb_wrapper vc_column-inner\"><h4 style=\"text-align: center\" class=\"vc_custom_heading\">DI\u015e T\u0130CARET DANI\u015eMANLI\u011eI<\/h4><p style=\"font-size: 30px;color: #091a34;text-align: center\" class=\"vc_custom_heading\">K\u00fcresel Pazarlarda Ba\u015far\u0131 \u0130\u00e7in Anahtar Partneriniz DGL<\/p><p  class=\"vc_custom_heading align-left\">D\u0131\u015f ticaret, i\u015fletmelerin s\u0131n\u0131rlar \u00f6tesinde ticaret yapmalar\u0131n\u0131 sa\u011flayan dinamik ve rekabet\u00e7i bir aland\u0131r. K\u00fcreselle\u015fme ile birlikte, \u015firketlerin uluslararas\u0131 pazarlarda etkili bir \u015fekilde faaliyet g\u00f6stermeleri, d\u0131\u015f ticaret dan\u0131\u015fmanlar\u0131n\u0131n \u00f6nemini art\u0131rm\u0131\u015ft\u0131r. DGL Firmas\u0131 olarak , firmalara uluslararas\u0131 ticarette rehberlik ederek, stratejik planlama ve d\u0131\u015f pazarlarda ba\u015far\u0131l\u0131 olmalar\u0131na yard\u0131mc\u0131 oluyoruz.<\/p><p style=\"font-size: 30px;color: #091a34;text-align: center\" class=\"vc_custom_heading\"> Uluslararas\u0131 \u0130li\u015fkiler ve A\u011f Olu\u015fturma<\/p><p  class=\"vc_custom_heading align-left\">DGL olarak geni\u015f bir uluslararas\u0131 a\u011fa sahibiz ve m\u00fc\u015fterilerimize i\u015f geli\u015ftirme, ortakl\u0131k olu\u015fturma, distrib\u00fct\u00f6r bulma gibi konularda yard\u0131mc\u0131 oluyoruz. Bu, m\u00fc\u015fterilerimizin k\u00fcresel pazarda daha etkili bir \u015fekilde a\u011f olu\u015fturmalar\u0131na ve i\u015fbirlikleri kurmalar\u0131na yard\u0131mc\u0131 olmaktad\u0131r.\n<p>DGL olarak, global rekabet ortam\u0131nda ba\u015far\u0131 elde etmek isteyen \u015firketler i\u00e7in kritik bir fakt\u00f6r\u00fcz. Profesyonel bir d\u0131\u015f ticaret dan\u0131\u015fmanl\u0131k rehberli\u011fimiz ile , \u015firketlere k\u00fcresel pazarda s\u00fcrd\u00fcr\u00fclebilir b\u00fcy\u00fcme ve rekabet avantaj\u0131 sa\u011flamak i\u00e7in \u00f6nemli bir katk\u0131 sunuyoruz.<\/p><\/p><div class=\"porto-btn-ctn-center\"><a class=\"porto-btn porto-adjust-bottom-margin porto-btn-normal porto-btn-center-dg-bg  porto-btn-center\" title='COMMUNICATION' rel='' href = \"https:\/\/dgl.com.tr\/en\/iletisim\/\"  data-hover=\"#ffffff\" data-border-color=\"\" data-bg=\"\" data-hover-bg=\"#091a34\" data-border-hover=\"#091a34\" data-shadow-click=\"none\" data-shadow=\"\" style=\"border-radius:3px;border-width:1px;border-style:solid;color: #000000;\"><span class=\"porto-btn-hover\" style=\"background-color:#091a34\"><\/span><span class=\"porto-btn-data porto-btn-text\" >B\u0130Z\u0130MLE \u0130LET\u0130\u015e\u0130ME GE\u00c7<\/span><\/a><\/div><\/div><\/div><\/div><\/section>","protected":false},"excerpt":{"rendered":"DI\u015e T\u0130CARET DANI\u015eMANLI\u011eIK\u00fcresel Pazarlarda Ba\u015far\u0131 \u0130\u00e7in Anahtar Partneriniz DGLD\u0131\u015f ticaret, i\u015fletmelerin s\u0131n\u0131rlar \u00f6tesinde ticaret yapmalar\u0131n\u0131 sa\u011flayan dinamik ve rekabet\u00e7i bir aland\u0131r. K\u00fcreselle\u015fme ile birlikte, \u015firketlerin uluslararas\u0131 pazarlarda etkili bir \u015fekilde faaliyet g\u00f6stermeleri, d\u0131\u015f ticaret dan\u0131\u015fmanlar\u0131n\u0131n \u00f6nemini art\u0131rm\u0131\u015ft\u0131r. DGL Firmas\u0131 olarak , firmalara uluslararas\u0131 ticarette rehberlik ederek, stratejik planlama ve d\u0131\u015f pazarlarda ba\u015far\u0131l\u0131 olmalar\u0131na yard\u0131mc\u0131 oluyoruz. [...]","protected":false},"author":1,"featured_media":0,"parent":0,"menu_order":0,"comment_status":"closed","ping_status":"closed","template":"","meta":{"footnotes":""},"class_list":["post-497","page","type-page","status-publish","hentry"],"_links":{"self":[{"href":"https:\/\/dgl.com.tr\/en\/wp-json\/wp\/v2\/pages\/497","targetHints":{"allow":["GET"]}}],"collection":[{"href":"https:\/\/dgl.com.tr\/en\/wp-json\/wp\/v2\/pages"}],"about":[{"href":"https:\/\/dgl.com.tr\/en\/wp-json\/wp\/v2\/types\/page"}],"author":[{"embeddable":true,"href":"https:\/\/dgl.com.tr\/en\/wp-json\/wp\/v2\/users\/1"}],"replies":[{"embeddable":true,"href":"https:\/\/dgl.com.tr\/en\/wp-json\/wp\/v2\/comments?post=497"}],"version-history":[{"count":9,"href":"https:\/\/dgl.com.tr\/en\/wp-json\/wp\/v2\/pages\/497\/revisions"}],"predecessor-version":[{"id":507,"href":"https:\/\/dgl.com.tr\/en\/wp-json\/wp\/v2\/pages\/497\/revisions\/507"}],"wp:attachment":[{"href":"https:\/\/dgl.com.tr\/en\/wp-json\/wp\/v2\/media?parent=497"}],"curies":[{"name":"wp","href":"https:\/\/api.w.org\/{rel}","templated":true}]}}