{"id":508,"date":"2023-12-20T09:47:25","date_gmt":"2023-12-20T06:47:25","guid":{"rendered":"https:\/\/dgl.com.tr\/?page_id=508"},"modified":"2023-12-20T09:48:04","modified_gmt":"2023-12-20T06:48:04","slug":"proje-tasimaciligi","status":"publish","type":"page","link":"https:\/\/dgl.com.tr\/en\/proje-tasimaciligi\/","title":{"rendered":"Project Transportation"},"content":{"rendered":"<section class=\"vc_section\"><div class=\"vc_row wpb_row row\"><div class=\"vc_column_container col-md-6\"><div class=\"wpb_wrapper vc_column-inner\">\n\t<div class=\"wpb_single_image wpb_content_element vc_align_center\">\n\t\t<div class=\"wpb_wrapper\">\n\t\t\t\n\t\t\t<div class=\"vc_single_image-wrapper vc_box_rounded  vc_box_border_grey\"><img loading=\"lazy\" decoding=\"async\" width=\"445\" height=\"503\" src=\"https:\/\/dgl.com.tr\/wp-content\/uploads\/2023\/12\/proje-tasimaciligi-resim.webp\" class=\"vc_single_image-img attachment-full\" alt=\"\" srcset=\"https:\/\/dgl.com.tr\/wp-content\/uploads\/2023\/12\/proje-tasimaciligi-resim.webp 445w, https:\/\/dgl.com.tr\/wp-content\/uploads\/2023\/12\/proje-tasimaciligi-resim-400x452.webp 400w\" sizes=\"auto, (max-width: 445px) 100vw, 445px\" \/><\/div>\n\t\t<\/div>\n\t<\/div>\n<\/div><\/div><div class=\"vc_column_container col-md-6\"><div class=\"wpb_wrapper vc_column-inner\"><h4 style=\"text-align: center\" class=\"vc_custom_heading\">PROJE TA\u015eIMACILI\u011eI<\/h4><p style=\"font-size: 30px;color: #091a34;line-height: 1.2;text-align: center\" class=\"vc_custom_heading\">Kompleks Projelerin Etkin ve G\u00fcvenilir Ta\u015f\u0131nmas\u0131<\/p><p  class=\"vc_custom_heading align-left\">DGL , proje ta\u015f\u0131mac\u0131l\u0131\u011f\u0131 konusunda uzmanla\u015fm\u0131\u015f bir lojistik firmas\u0131 olarak, b\u00fcy\u00fck \u00f6l\u00e7ekli ve karma\u015f\u0131k projelerin ta\u015f\u0131nmas\u0131 s\u00fcre\u00e7lerinde sa\u011flad\u0131\u011f\u0131 profesyonel hizmetleriyle tan\u0131nan bir firmad\u0131r. Proje ta\u015f\u0131mac\u0131l\u0131\u011f\u0131, genellikle a\u011f\u0131r, hacimli veya hassas ekipmanlar\u0131n nakliyesini i\u00e7eren \u00f6zel ta\u015f\u0131ma projelerini kapsar ve bu t\u00fcr projelerin ba\u015far\u0131l\u0131 bir \u015fekilde y\u00f6netilmesi i\u00e7in uzmanl\u0131k gerektirir.<\/p><p style=\"font-size: 30px;color: #091a34;line-height: 1.2;text-align: center\" class=\"vc_custom_heading\">\u00c7evresel Duyarl\u0131l\u0131k ve S\u00fcrd\u00fcr\u00fclebilirlik<\/p><p  class=\"vc_custom_heading align-left\">Proje ta\u015f\u0131mac\u0131l\u0131\u011f\u0131 s\u0131kl\u0131kla b\u00fcy\u00fck \u00f6l\u00e7ekli ekipmanlar\u0131n ta\u015f\u0131nmas\u0131yla ili\u015fkilidir ve bu da \u00e7evresel etkilerin g\u00f6z \u00f6n\u00fcnde bulundurulmas\u0131n\u0131 gerektirir. DGL, \u00e7evresel etkileri minimize etmek i\u00e7in s\u00fcrd\u00fcr\u00fclebilir ta\u015f\u0131ma \u00e7\u00f6z\u00fcmleri sunar.\n<p>Sonu\u00e7 olarak, DGL gibi profesyonel firmalar, proje ta\u015f\u0131mac\u0131l\u0131\u011f\u0131nda m\u00fc\u015fterilere \u00f6zel ve g\u00fcvenilir \u00e7\u00f6z\u00fcmler sunarak b\u00fcy\u00fck \u00f6l\u00e7ekli ve karma\u015f\u0131k projelerin ba\u015far\u0131l\u0131 bir \u015fekilde tamamlanmas\u0131na katk\u0131da bulunur.<\/p><\/p><div class=\"porto-btn-ctn-center\"><a class=\"porto-btn porto-adjust-bottom-margin porto-btn-normal porto-btn-center-dg-bg  porto-btn-center\" title='COMMUNICATION' rel='' href = \"https:\/\/dgl.com.tr\/en\/iletisim\/\"  data-hover=\"#ffffff\" data-border-color=\"\" data-bg=\"\" data-hover-bg=\"#091a34\" data-border-hover=\"#091a34\" data-shadow-click=\"none\" data-shadow=\"\" style=\"border-radius:3px;border-width:1px;border-style:solid;color: #000000;\"><span class=\"porto-btn-hover\" style=\"background-color:#091a34\"><\/span><span class=\"porto-btn-data porto-btn-text\" >B\u0130Z\u0130MLE \u0130LET\u0130\u015e\u0130ME GE\u00c7<\/span><\/a><\/div><\/div><\/div><\/div><\/section>","protected":false},"excerpt":{"rendered":"PROJE TA\u015eIMACILI\u011eIKompleks Projelerin Etkin ve G\u00fcvenilir Ta\u015f\u0131nmas\u0131DGL , proje ta\u015f\u0131mac\u0131l\u0131\u011f\u0131 konusunda uzmanla\u015fm\u0131\u015f bir lojistik firmas\u0131 olarak, b\u00fcy\u00fck \u00f6l\u00e7ekli ve karma\u015f\u0131k projelerin ta\u015f\u0131nmas\u0131 s\u00fcre\u00e7lerinde sa\u011flad\u0131\u011f\u0131 profesyonel hizmetleriyle tan\u0131nan bir firmad\u0131r. Proje ta\u015f\u0131mac\u0131l\u0131\u011f\u0131, genellikle a\u011f\u0131r, hacimli veya hassas ekipmanlar\u0131n nakliyesini i\u00e7eren \u00f6zel ta\u015f\u0131ma projelerini kapsar ve bu t\u00fcr projelerin ba\u015far\u0131l\u0131 bir \u015fekilde y\u00f6netilmesi i\u00e7in uzmanl\u0131k gerektirir.\u00c7evresel Duyarl\u0131l\u0131k [...]","protected":false},"author":1,"featured_media":0,"parent":0,"menu_order":0,"comment_status":"closed","ping_status":"closed","template":"","meta":{"footnotes":""},"class_list":["post-508","page","type-page","status-publish","hentry"],"_links":{"self":[{"href":"https:\/\/dgl.com.tr\/en\/wp-json\/wp\/v2\/pages\/508","targetHints":{"allow":["GET"]}}],"collection":[{"href":"https:\/\/dgl.com.tr\/en\/wp-json\/wp\/v2\/pages"}],"about":[{"href":"https:\/\/dgl.com.tr\/en\/wp-json\/wp\/v2\/types\/page"}],"author":[{"embeddable":true,"href":"https:\/\/dgl.com.tr\/en\/wp-json\/wp\/v2\/users\/1"}],"replies":[{"embeddable":true,"href":"https:\/\/dgl.com.tr\/en\/wp-json\/wp\/v2\/comments?post=508"}],"version-history":[{"count":11,"href":"https:\/\/dgl.com.tr\/en\/wp-json\/wp\/v2\/pages\/508\/revisions"}],"predecessor-version":[{"id":520,"href":"https:\/\/dgl.com.tr\/en\/wp-json\/wp\/v2\/pages\/508\/revisions\/520"}],"wp:attachment":[{"href":"https:\/\/dgl.com.tr\/en\/wp-json\/wp\/v2\/media?parent=508"}],"curies":[{"name":"wp","href":"https:\/\/api.w.org\/{rel}","templated":true}]}}