{"id":521,"date":"2023-12-20T10:01:56","date_gmt":"2023-12-20T07:01:56","guid":{"rendered":"https:\/\/dgl.com.tr\/?page_id=521"},"modified":"2023-12-20T10:01:56","modified_gmt":"2023-12-20T07:01:56","slug":"gumrukleme-hizmetleri","status":"publish","type":"page","link":"https:\/\/dgl.com.tr\/en\/gumrukleme-hizmetleri\/","title":{"rendered":"Customs Clearance Services"},"content":{"rendered":"<section class=\"vc_section\"><div class=\"vc_row wpb_row row\"><div class=\"vc_column_container col-md-6\"><div class=\"wpb_wrapper vc_column-inner\">\n\t<div class=\"wpb_single_image wpb_content_element vc_align_center\">\n\t\t<div class=\"wpb_wrapper\">\n\t\t\t\n\t\t\t<div class=\"vc_single_image-wrapper vc_box_rounded  vc_box_border_grey\"><img loading=\"lazy\" decoding=\"async\" width=\"445\" height=\"503\" src=\"https:\/\/dgl.com.tr\/wp-content\/uploads\/2023\/12\/gumrukleme-hizmetleri.webp\" class=\"vc_single_image-img attachment-full\" alt=\"Gumrukleme-hizmetleri\" srcset=\"https:\/\/dgl.com.tr\/wp-content\/uploads\/2023\/12\/gumrukleme-hizmetleri.webp 445w, https:\/\/dgl.com.tr\/wp-content\/uploads\/2023\/12\/gumrukleme-hizmetleri-400x452.webp 400w\" sizes=\"auto, (max-width: 445px) 100vw, 445px\" \/><\/div>\n\t\t<\/div>\n\t<\/div>\n<\/div><\/div><div class=\"vc_column_container col-md-6\"><div class=\"wpb_wrapper vc_column-inner\"><h4 style=\"text-align: center\" class=\"vc_custom_heading\">G\u00dcMR\u00dcKLEME H\u0130ZMETLER\u0130<\/h4><h2 style=\"font-size: 30px;color: #091a34;line-height: 1.2;text-align: center\" class=\"vc_custom_heading\">S\u0131n\u0131r Tan\u0131mayan Ticaretin Anahtar\u0131<\/h2><p  class=\"vc_custom_heading align-left\">G\u00fcmr\u00fck, uluslararas\u0131 ticaretin kritik bir bile\u015fenidir ve \u015firketlerin s\u0131n\u0131rlar\u0131 a\u015farak mal ve hizmet ticareti yapabilmeleri i\u00e7in \u00e7e\u015fitli d\u00fczenlemelerin ve prosed\u00fcrlerin takip edilmesini gerektirir. DGL, g\u00fcmr\u00fckleme hizmetleri konusunda uzmanla\u015fm\u0131\u015f bir firma olarak, m\u00fc\u015fterilerine s\u0131n\u0131rlar aras\u0131 ticarette g\u00fcvenilir ve etkili bir ge\u00e7i\u015f sa\u011flar.<\/p><h2 style=\"font-size: 30px;color: #091a34;line-height: 1.2;text-align: center\" class=\"vc_custom_heading\">G\u00fcmr\u00fck \u0130\u015flemlerinin Profesyonel Y\u00f6netimi<\/h2><p  class=\"vc_custom_heading align-left\">DGL, m\u00fc\u015fterileri ad\u0131na g\u00fcmr\u00fck i\u015flemlerini profesyonel bir \u015fekilde y\u00f6netir. \u0130thalat ve ihracat i\u015flemleri s\u0131ras\u0131nda gereken t\u00fcm belgelerin d\u00fczenlenmesi, g\u00fcmr\u00fck beyannamelerinin haz\u0131rlanmas\u0131, g\u00fcmr\u00fck vergilerinin ve di\u011fer har\u00e7lar\u0131n \u00f6denmesi gibi s\u00fcre\u00e7lerde uzmanl\u0131k sa\u011flar.<\/p><div class=\"porto-btn-ctn-center\"><a class=\"porto-btn porto-adjust-bottom-margin porto-btn-normal porto-btn-center-dg-bg  porto-btn-center\" title='COMMUNICATION' rel='' href = \"https:\/\/dgl.com.tr\/en\/iletisim\/\"  data-hover=\"#ffffff\" data-border-color=\"\" data-bg=\"#ffffff\" data-hover-bg=\"#091a34\" data-border-hover=\"#091a34\" data-shadow-click=\"none\" data-shadow=\"\" style=\"border-radius:3px;border-width:1px;border-style:solid;background: #ffffff;color: #000000;\"><span class=\"porto-btn-hover\" style=\"background-color:#091a34\"><\/span><span class=\"porto-btn-data porto-btn-text\" >B\u0130Z\u0130MLE \u0130LET\u0130\u015e\u0130ME GE\u00c7<\/span><\/a><\/div><\/div><\/div><\/div><\/section>","protected":false},"excerpt":{"rendered":"G\u00dcMR\u00dcKLEME H\u0130ZMETLER\u0130S\u0131n\u0131r Tan\u0131mayan Ticaretin Anahtar\u0131G\u00fcmr\u00fck, uluslararas\u0131 ticaretin kritik bir bile\u015fenidir ve \u015firketlerin s\u0131n\u0131rlar\u0131 a\u015farak mal ve hizmet ticareti yapabilmeleri i\u00e7in \u00e7e\u015fitli d\u00fczenlemelerin ve prosed\u00fcrlerin takip edilmesini gerektirir. DGL, g\u00fcmr\u00fckleme hizmetleri konusunda uzmanla\u015fm\u0131\u015f bir firma olarak, m\u00fc\u015fterilerine s\u0131n\u0131rlar aras\u0131 ticarette g\u00fcvenilir ve etkili bir ge\u00e7i\u015f sa\u011flar.G\u00fcmr\u00fck \u0130\u015flemlerinin Profesyonel Y\u00f6netimiDGL, m\u00fc\u015fterileri ad\u0131na g\u00fcmr\u00fck i\u015flemlerini profesyonel bir \u015fekilde [...]","protected":false},"author":1,"featured_media":0,"parent":0,"menu_order":0,"comment_status":"closed","ping_status":"closed","template":"","meta":{"footnotes":""},"class_list":["post-521","page","type-page","status-publish","hentry"],"_links":{"self":[{"href":"https:\/\/dgl.com.tr\/en\/wp-json\/wp\/v2\/pages\/521","targetHints":{"allow":["GET"]}}],"collection":[{"href":"https:\/\/dgl.com.tr\/en\/wp-json\/wp\/v2\/pages"}],"about":[{"href":"https:\/\/dgl.com.tr\/en\/wp-json\/wp\/v2\/types\/page"}],"author":[{"embeddable":true,"href":"https:\/\/dgl.com.tr\/en\/wp-json\/wp\/v2\/users\/1"}],"replies":[{"embeddable":true,"href":"https:\/\/dgl.com.tr\/en\/wp-json\/wp\/v2\/comments?post=521"}],"version-history":[{"count":4,"href":"https:\/\/dgl.com.tr\/en\/wp-json\/wp\/v2\/pages\/521\/revisions"}],"predecessor-version":[{"id":526,"href":"https:\/\/dgl.com.tr\/en\/wp-json\/wp\/v2\/pages\/521\/revisions\/526"}],"wp:attachment":[{"href":"https:\/\/dgl.com.tr\/en\/wp-json\/wp\/v2\/media?parent=521"}],"curies":[{"name":"wp","href":"https:\/\/api.w.org\/{rel}","templated":true}]}}