{"id":527,"date":"2023-12-20T10:11:01","date_gmt":"2023-12-20T07:11:01","guid":{"rendered":"https:\/\/dgl.com.tr\/?page_id=527"},"modified":"2023-12-20T10:11:01","modified_gmt":"2023-12-20T07:11:01","slug":"depolama-hizmetleri","status":"publish","type":"page","link":"https:\/\/dgl.com.tr\/en\/depolama-hizmetleri\/","title":{"rendered":"Storage Services"},"content":{"rendered":"<section class=\"vc_section\"><div class=\"vc_row wpb_row row\"><div class=\"vc_column_container col-md-6\"><div class=\"wpb_wrapper vc_column-inner\">\n\t<div class=\"wpb_single_image wpb_content_element vc_align_center\">\n\t\t<div class=\"wpb_wrapper\">\n\t\t\t\n\t\t\t<div class=\"vc_single_image-wrapper vc_box_rounded  vc_box_border_grey\"><img loading=\"lazy\" decoding=\"async\" width=\"445\" height=\"503\" src=\"https:\/\/dgl.com.tr\/wp-content\/uploads\/2023\/12\/Depolama-Hizmetleri-2.webp\" class=\"vc_single_image-img attachment-full\" alt=\"Depolama-Hizmetleri\" srcset=\"https:\/\/dgl.com.tr\/wp-content\/uploads\/2023\/12\/Depolama-Hizmetleri-2.webp 445w, https:\/\/dgl.com.tr\/wp-content\/uploads\/2023\/12\/Depolama-Hizmetleri-2-400x452.webp 400w\" sizes=\"auto, (max-width: 445px) 100vw, 445px\" \/><\/div>\n\t\t<\/div>\n\t<\/div>\n<\/div><\/div><div class=\"vc_column_container col-md-6\"><div class=\"wpb_wrapper vc_column-inner\"><h4 style=\"text-align: center\" class=\"vc_custom_heading\">DEPOLAMA H\u0130ZMETLER\u0130<\/h4><h2 style=\"font-size: 30px;color: #091a34;line-height: 1.2;text-align: center\" class=\"vc_custom_heading\">Malzeme Y\u00f6netiminde G\u00fcvenilir \u00c7\u00f6z\u00fcmler<\/h2><p  class=\"vc_custom_heading align-left\">Lojistik depolama, g\u00fcn\u00fcm\u00fcz k\u00fcresel ticaret ortam\u0131nda malzeme y\u00f6netimi ve tedarik zinciri s\u00fcre\u00e7lerinde kritik bir rol oynar. DGL , lojistik depolama hizmetleriyle m\u00fc\u015fterilerine etkili stok y\u00f6netimi, h\u0131zl\u0131 teslimatlar ve esnek depolama \u00e7\u00f6z\u00fcmleri sunarak, i\u015fletmelerin lojistik s\u00fcre\u00e7lerini optimize etmelerine yard\u0131mc\u0131 olur.<\/p><h2 style=\"font-size: 30px;color: #091a34;line-height: 1.2;text-align: center\" class=\"vc_custom_heading\">Esnek Depolama \u00c7\u00f6z\u00fcmleri<\/h2><p  class=\"vc_custom_heading align-left\">Her m\u00fc\u015fterinin depolama ihtiya\u00e7lar\u0131 farkl\u0131d\u0131r. DGL, m\u00fc\u015fterilerine \u00f6zel depolama \u00e7\u00f6z\u00fcmleri sunarak, i\u015fletmelerin de\u011fi\u015fen taleplerine h\u0131zl\u0131 bir \u015fekilde adapte olmalar\u0131n\u0131 sa\u011flar. Bu esneklik, stok y\u00f6netimi s\u00fcre\u00e7lerini optimize etme ve depolama maliyetlerini d\u00fc\u015f\u00fcrme avantaj\u0131 sa\u011flar.<\/p><h2 style=\"font-size: 30px;color: #091a34;line-height: 1.2;text-align: center\" class=\"vc_custom_heading\">Otomatik Stok Takip ve Y\u00f6netim Sistemleri<\/h2><p  class=\"vc_custom_heading align-left\">DGL, geli\u015fmi\u015f otomatik stok takip ve y\u00f6netim sistemleri kullanarak m\u00fc\u015fterilerinin envanterlerini etkili bir \u015fekilde izler. Bu, stok seviyelerini optimize etme, talep tahminini iyile\u015ftirme ve stok maliyetlerini minimize etme konusunda m\u00fc\u015fterilere yard\u0131mc\u0131 olur.<\/p><div class=\"porto-btn-ctn-center\"><a class=\"porto-btn porto-adjust-bottom-margin porto-btn-normal porto-btn-center-dg-bg  porto-btn-center\" title='COMMUNICATION' rel='' href = \"https:\/\/dgl.com.tr\/en\/iletisim\/\"  data-hover=\"#ffffff\" data-border-color=\"\" data-bg=\"#ffffff\" data-hover-bg=\"#091a34\" data-border-hover=\"#091a34\" data-shadow-click=\"none\" data-shadow=\"\" style=\"border-radius:3px;border-width:1px;border-style:solid;background: #ffffff;color: #000000;\"><span class=\"porto-btn-hover\" style=\"background-color:#091a34\"><\/span><span class=\"porto-btn-data porto-btn-text\" >B\u0130Z\u0130MLE \u0130LET\u0130\u015e\u0130ME GE\u00c7<\/span><\/a><\/div><\/div><\/div><\/div><\/section>","protected":false},"excerpt":{"rendered":"DEPOLAMA H\u0130ZMETLER\u0130Malzeme Y\u00f6netiminde G\u00fcvenilir \u00c7\u00f6z\u00fcmlerLojistik depolama, g\u00fcn\u00fcm\u00fcz k\u00fcresel ticaret ortam\u0131nda malzeme y\u00f6netimi ve tedarik zinciri s\u00fcre\u00e7lerinde kritik bir rol oynar. DGL , lojistik depolama hizmetleriyle m\u00fc\u015fterilerine etkili stok y\u00f6netimi, h\u0131zl\u0131 teslimatlar ve esnek depolama \u00e7\u00f6z\u00fcmleri sunarak, i\u015fletmelerin lojistik s\u00fcre\u00e7lerini optimize etmelerine yard\u0131mc\u0131 olur.Esnek Depolama \u00c7\u00f6z\u00fcmleriHer m\u00fc\u015fterinin depolama ihtiya\u00e7lar\u0131 farkl\u0131d\u0131r. DGL, m\u00fc\u015fterilerine \u00f6zel depolama \u00e7\u00f6z\u00fcmleri sunarak, [...]","protected":false},"author":1,"featured_media":0,"parent":0,"menu_order":0,"comment_status":"closed","ping_status":"closed","template":"","meta":{"footnotes":""},"class_list":["post-527","page","type-page","status-publish","hentry"],"_links":{"self":[{"href":"https:\/\/dgl.com.tr\/en\/wp-json\/wp\/v2\/pages\/527","targetHints":{"allow":["GET"]}}],"collection":[{"href":"https:\/\/dgl.com.tr\/en\/wp-json\/wp\/v2\/pages"}],"about":[{"href":"https:\/\/dgl.com.tr\/en\/wp-json\/wp\/v2\/types\/page"}],"author":[{"embeddable":true,"href":"https:\/\/dgl.com.tr\/en\/wp-json\/wp\/v2\/users\/1"}],"replies":[{"embeddable":true,"href":"https:\/\/dgl.com.tr\/en\/wp-json\/wp\/v2\/comments?post=527"}],"version-history":[{"count":5,"href":"https:\/\/dgl.com.tr\/en\/wp-json\/wp\/v2\/pages\/527\/revisions"}],"predecessor-version":[{"id":533,"href":"https:\/\/dgl.com.tr\/en\/wp-json\/wp\/v2\/pages\/527\/revisions\/533"}],"wp:attachment":[{"href":"https:\/\/dgl.com.tr\/en\/wp-json\/wp\/v2\/media?parent=527"}],"curies":[{"name":"wp","href":"https:\/\/api.w.org\/{rel}","templated":true}]}}